{"id":440,"date":"2013-01-09T10:09:13","date_gmt":"2013-01-09T10:09:13","guid":{"rendered":"http:\/\/timbradosalbal.com\/timbrados-albal\/?page_id=440"},"modified":"2022-05-27T08:49:29","modified_gmt":"2022-05-27T08:49:29","slug":"aviso-legal","status":"publish","type":"page","link":"https:\/\/timbradosalbal.com\/timbrados-albal\/aviso-legal\/","title":{"rendered":"Aviso legal"},"content":{"rendered":"<h2 style=\"text-align: justify;\">AVISO LEGAL<\/h2>\n<p style=\"text-align: justify;\">Para dar cumplimiento con lo establecido en la Ley 34\/2002, de 11 de julio, de Servicios de la Sociedad de la Informaci\u00f3n y de Comercio Electr\u00f3nico, a continuaci\u00f3n se indican los datos de informaci\u00f3n general de este sitio Web:<\/p>\n<p style=\"text-align: justify;\">Timbrados Albal S.L.<\/p>\n<p style=\"text-align: justify;\">Direcci\u00f3n: Cam\u00ed del Bony, 208 A\u00a0Pol. Ind. de Catarroja\u00a046470 Catarroja\u00a0Valencia, Spain<\/p>\n<p style=\"text-align: justify;\">Tel: + ( 34 ) 96 127 23 08<\/p>\n<p style=\"text-align: justify;\"><strong>Datos del registro Mercantil<\/strong><\/p>\n<p style=\"text-align: justify;\">Registro Mercantil de Valencia, Tomo 5675, Libro 2982, Secci\u00f3n General, Folio 106, Hoja V-51811, Inscripci\u00f3n 1\u00aa,<\/p>\n<p style=\"text-align: justify;\">CIF. B96596911<\/p>\n<p style=\"text-align: justify;\">Domicilio Social: Cam\u00ed del Bony, 208 A\u00a0Pol. Ind. de Catarroja\u00a046470 Catarroja\u00a0Valencia, Spain<\/p>\n<p style=\"text-align: justify;\">Objeto:<\/p>\n<p style=\"text-align: justify;\">El objeto de esta p\u00e1gina Web es la divulgaci\u00f3n de informaci\u00f3n corporativa, actividades, promociones y descripci\u00f3n de servicios y productos de Timbrados Albal S.L..<\/p>\n<h3 style=\"text-align: justify;\">Uso de la p\u00e1gina Web, sus servicios y contenidos<\/h3>\n<p style=\"text-align: justify;\">El usuario se compromete a utilizar el Web y sus servicios y contenidos sin contravenir la legislaci\u00f3n vigente, la buena fe, y los usos generalmente aceptados en Internet. Asimismo, queda prohibido, el uso del Web con fines il\u00edcitos o provocar da\u00f1os que puedan impedir su normal funcionamiento o da\u00f1os a terceros.<\/p>\n<p style=\"text-align: justify;\">Tanto el acceso a la Web como el uso indebido que pueda efectuarse de la informaci\u00f3n contenida en la misma, es de exclusiva responsabilidad de quien lo realiza. La empresa no responder\u00e1 de ninguna consecuencia, da\u00f1o o perjuicio que pudieran derivarse de dicho acceso o uso.<\/p>\n<p style=\"text-align: justify;\">Timbrados Albal S.L. no se hace responsable de los errores de seguridad, que se puedan producir ni de los da\u00f1os que puedan causarse al sistema inform\u00e1tico del usuario (hardware y software), o a los ficheros o documentos almacenados en el mismo, como consecuencia de: La presencia de un virus en el ordenador del usuario que sea utilizando para la conexi\u00f3n a los servicios y contenidos de la Web;Un mal funcionamiento del navegador del cliente o del uso de versiones no actualizadas del mismo.<\/p>\n<h3 style=\"text-align: justify;\">Propiedad Intelectual<\/h3>\n<p style=\"text-align: justify;\">Todos los contenidos de esta p\u00e1gina Web (incluyendo el c\u00f3digo fuente, im\u00e1genes, textos, gr\u00e1ficos, etc.) est\u00e1n protegidos por la normativa nacional e internacional vigente sobre propiedad intelectual, encontr\u00e1ndose todos los derechos reservados. Queda terminantemente prohibida la reproducci\u00f3n de cualquier contenido de la Web sin el consentimiento expreso de Timbrados Albal S.L.y de los poseedores de los derechos. La utilizaci\u00f3n no autorizada de la informaci\u00f3n contenida en esta Web, su reventa, as\u00ed como la lesi\u00f3n de los derechos de propiedad intelectual o industrial dar\u00e1 lugar a las responsabilidades legalmente establecidas.<\/p>\n<h3 style=\"text-align: justify;\">Responsabilidad<\/h3>\n<p style=\"text-align: justify;\">El uso del Web se realizar\u00e1 bajo la \u00fanica y exclusiva responsabilidad del Usuario. Dicha responsabilidad se extender\u00e1 al uso, por parte del usuario o de cualquier tercero, de cualesquiera contrase\u00f1a o similares asignadas para el acceso al Web o a cualesquiera de sus servicios.<\/p>\n<p style=\"text-align: justify;\">Timbrados Albal S.L. no asume responsabilidad alguna derivada de los contenidos enlazados desde la Web, siempre que sean ajenos a la misma, ni garantiza la ausencia de virus u otros elementos en los mismos que puedan producir alteraciones en el sistema inform\u00e1tico (hardware y software), en los documentos o los ficheros del usuario, excluyendo cualquier responsabilidad por los da\u00f1os de cualquier clase causados al usuario por este motivo.<\/p>\n<p style=\"text-align: justify;\">Timbrados Albal S.L. rechaza toda responsabilidad que se derive de la mala utilizaci\u00f3n de los contenidos expuestos en estas p\u00e1ginas y se reserva el derecho a actualizarlos, eliminarlos, establecer limitaciones o restringir su acceso en cualquier momento, de manera temporal o permanente.<\/p>\n<h3 style=\"text-align: justify;\">Conflictos<\/h3>\n<p style=\"text-align: justify;\">Para cualquier controversia o conflicto suscitado en relaci\u00f3n con esta p\u00e1gina Web, ser\u00e1 de aplicaci\u00f3n la legislaci\u00f3n espa\u00f1ola, siendo competentes para la resoluci\u00f3n de todos los conflictos derivados o relacionados con ella, los Juzgados y Tribunales de Valencia.<\/p>\n<p style=\"text-align: justify;\">El acceso a las p\u00e1ginas Web de este sitio, implica la aceptaci\u00f3n de todas las condiciones expresadas en esta informaci\u00f3n legal.<\/p>\n<p style=\"text-align: justify;\">Timbrados Albal S.L., podr\u00e1 modificar sin previo aviso, la estructura y dise\u00f1o del Web y adaptar este Aviso Legal a los cambios legislativos que se produzcan.<\/p>\n<h2 style=\"text-align: justify;\">POL\u00cdTICA DE PRIVACIDAD<\/h2>\n<p style=\"text-align: justify;\">Pol\u00edtica de Protecci\u00f3n de datos de Car\u00e1cter Personal<\/p>\n<p style=\"text-align: justify;\">En cumplimiento de lo dispuesto en el art\u00edculo 5 de la Ley Org\u00e1nica 15\/1999, de 13 de diciembre, de Protecci\u00f3n de Datos de Car\u00e1cter Personal, y Ley 34\/2002, de 11 de Julio, de Servicios de la Sociedad de la Informaci\u00f3n y de Comercio Electr\u00f3nico, Timbrados Albal S.L. le informa de que los datos de car\u00e1cter personal proporcionados en los formularios de registro electr\u00f3nico contenidos en este sitio, as\u00ed como aquellos datos a los que Timbrados Albal S.L. acceda como consecuencia de su navegaci\u00f3n; consulta, solicitud o contrataci\u00f3n, o de cualquier transacci\u00f3n u operaci\u00f3n realizada desde este sitio Web, ser\u00e1n recogidos en un fichero que cumple con las exigencias de la legislaci\u00f3n vigente aplicable y cuyo responsable es:<\/p>\n<p style=\"text-align: justify;\">Titular: Timbrados Albal S.L.<\/p>\n<p style=\"text-align: justify;\">Direcci\u00f3n: Cam\u00ed del Bony, 208 A\u00a0Pol. Ind. de Catarroja\u00a046470 Catarroja\u00a0Valencia, Spain<\/p>\n<p style=\"text-align: justify;\">Tel: + ( 34 ) 96 127 23 08<\/p>\n<h3 style=\"text-align: justify;\">Finalidad<\/h3>\n<p style=\"text-align: justify;\">La finalidad de la recogida y tratamiento automatizado de los Datos Personales realizados a trav\u00e9s de los formularios habilitados al efecto en este sitio Web son para facilitar la prestaci\u00f3n de servicios que Timbrados Albal S.L. proporciona a trav\u00e9s de este sitio Web, as\u00ed como para facilitarle informaci\u00f3n sobre las actividades y productos que pudieran resultar de su inter\u00e9s. Se utilizan para el mantenimiento de la relaci\u00f3n establecida, en la gesti\u00f3n, administraci\u00f3n, prestaci\u00f3n, ampliaci\u00f3n y mejora de los Servicios de esta Web y de Timbrados Albal S.L. en la adecuaci\u00f3n de los Servicios a las preferencias de los Clientes, en el dise\u00f1o de nuevos servicios relacionados, en el env\u00edo de actualizaciones de los Servicios, en el env\u00edo de publicidad relativa a los Servicios y productos ofrecidos por Timbrados Albal S.L. actualmente y en el futuro, en la realizaci\u00f3n de marketing directo de dichos productos y servicios. La finalidad de la recogida y tratamiento automatizado de los Datos Personales incluye igualmente el env\u00edo de formularios de encuestas, que el Cliente no queda obligado a contestar.<\/p>\n<h3 style=\"text-align: justify;\">Veracidad de los datos<\/h3>\n<p style=\"text-align: justify;\">El usuario garantiza que los datos personales facilitados a Timbrados Albal S.L. son veraces y se hace responsable de comunicar al mismo cualquier modificaci\u00f3n de los mismos.<\/p>\n<h3 style=\"text-align: justify;\">Consentimiento del usuario<\/h3>\n<p style=\"text-align: justify;\">El env\u00edo de datos personales, mediante el uso de los formularios electr\u00f3nicos de esta Web o, en su caso, el env\u00edo de mensajes de correo electr\u00f3nico solicitando informaci\u00f3n o servicios, supone el consentimiento expreso del usuario al tratamiento automatizado de los datos incluidos, as\u00ed como al env\u00edo de comunicaciones v\u00eda electr\u00f3nica con informaci\u00f3n acerca de nuestras actividades.<\/p>\n<p style=\"text-align: justify;\">Por lo tanto el usuario expresa su consentimiento expreso para que los Datos Personales sean incorporados al Fichero de Datos Personales y sean objeto de tratamiento automatizado por parte de Timbrados Albal S.L. con las finalidades antes indicadas.<\/p>\n<p style=\"text-align: justify;\">Derechos de acceso, rectificaci\u00f3n, oposici\u00f3n y cancelaci\u00f3n de los usuarios<\/p>\n<p style=\"text-align: justify;\">El usuario podr\u00e1 ejercer sus derechos de acceso, rectificaci\u00f3n, oposici\u00f3n y cancelaci\u00f3n al tratamiento de sus datos personales, en los t\u00e9rminos y condiciones previstos en la LOPD.<\/p>\n<p style=\"text-align: justify;\">Podr\u00e1 ejercer dichos derechos dirigi\u00e9ndose a:<\/p>\n<p style=\"text-align: justify;\">Titular: Timbrados Albal S.L.<\/p>\n<p style=\"text-align: justify;\">Direcci\u00f3n:\u00a0Cam\u00ed del Bony, 208 A\u00a0Pol. Ind. de Catarroja\u00a046470 Catarroja\u00a0Valencia, Spain<\/p>\n<p style=\"text-align: justify;\">Tel: + ( 34 ) 96 127 23 08<\/p>\n<p style=\"text-align: justify;\">Contacto: info@timbradosalbal.com<\/p>\n<h3 style=\"text-align: justify;\">Comunicaciones<\/h3>\n<p style=\"text-align: justify;\">Timbrados Albal S.L. comunicar\u00e1 los Datos Personales necesarios para la prestaci\u00f3n de los Servicios requeridos por el usuario o para las finalidades de la recogida de datos antes descritas.<\/p>\n<h3 style=\"text-align: justify;\">Seguridad<\/h3>\n<p style=\"text-align: justify;\">Timbrados Albal S.L. garantiza que ha adoptado las medidas oportunas de seguridad en sus instalaciones, sistemas y ficheros, as\u00ed como el tratamiento confidencial de los Datos Personales de conformidad con la legislaci\u00f3n vigente aplicable y le informa de que tiene implantadas las medidas de seguridad de \u00edndole t\u00e9cnica y organizativas necesarias para garantizar la seguridad de sus datos de car\u00e1cter personal y evitar su alteraci\u00f3n, p\u00e9rdida y tratamiento y\/o acceso no autorizado, habida cuenta del estado de la tecnolog\u00eda, la naturaleza de los datos almacenados y los riesgos a que est\u00e1n expuestos, ya provengan de la acci\u00f3n humana o del medio f\u00edsico o natural. Todo ello, de conformidad con lo previsto en el art\u00edculo 9 de la LOPD y en el Real Decreto 994\/1999, de 11 de junio, por el que se aprueba el Reglamento de Medidas de Seguridad de los Ficheros Automatizados que contengan Datos de Car\u00e1cter Personal y la ley 34\/2002, de 11 de Julio, LSSI.<\/p>\n<p style=\"text-align: justify;\">Timbrados Albal S.L. se compromete a tratar de forma absolutamente confidencial los datos de car\u00e1cter personal y hacer uso de los mismos exclusivamente para las finalidades indicadas.<\/p>\n<p style=\"text-align: justify;\">No obstante, Timbrados Albal S.L. revelar\u00e1 a las autoridades p\u00fablicas competentes los Datos Personales y cualquier otra informaci\u00f3n que est\u00e9 en su poder o sea accesible a trav\u00e9s de sus sistemas y sea requerida de conformidad con las disposiciones legales y reglamentarias aplicables al caso.<\/p>\n<h3 style=\"text-align: justify;\">Conflictos<\/h3>\n<p style=\"text-align: justify;\">Para cualquier controversia o conflicto suscitado en relaci\u00f3n con esta p\u00e1gina Web, ser\u00e1 de aplicaci\u00f3n la legislaci\u00f3n espa\u00f1ola, siendo competentes para la resoluci\u00f3n de todos los conflictos derivados o relacionados con ella, los Juzgados y Tribunales de Valencia.<\/p>\n<p style=\"text-align: justify;\">El acceso a las p\u00e1ginas Web de este sitio, implica la aceptaci\u00f3n de todas las condiciones expresadas en esta informaci\u00f3n legal.<\/p>\n<p style=\"text-align: justify;\">Timbrados Albal S.L. podr\u00e1 modificar sin previo aviso, la estructura y dise\u00f1o del Web, as\u00ed como cambiar o eliminar, los servicios, los contenidos y las condiciones de acceso de uso del Web y adaptar la Pol\u00edtica de Privacidad a los cambios legislativos que se produzcan.<\/p>\n","protected":false},"excerpt":{"rendered":"<p>AVISO LEGAL Para dar cumplimiento con lo establecido en la Ley 34\/2002, de 11 de julio, de Servicios de la Sociedad de la Informaci\u00f3n y de Comercio Electr\u00f3nico, a continuaci\u00f3n se indican los datos de informaci\u00f3n general de este sitio Web: Timbrados Albal S.L. Direcci\u00f3n: Cam\u00ed del Bony, 208 A\u00a0Pol. Ind. de Catarroja\u00a046470 Catarroja\u00a0Valencia, Spain [&hellip;]<\/p>\n","protected":false},"author":1,"featured_media":0,"parent":0,"menu_order":0,"comment_status":"closed","ping_status":"open","template":"","meta":[],"_links":{"self":[{"href":"https:\/\/timbradosalbal.com\/timbrados-albal\/wp-json\/wp\/v2\/pages\/440"}],"collection":[{"href":"https:\/\/timbradosalbal.com\/timbrados-albal\/wp-json\/wp\/v2\/pages"}],"about":[{"href":"https:\/\/timbradosalbal.com\/timbrados-albal\/wp-json\/wp\/v2\/types\/page"}],"author":[{"embeddable":true,"href":"https:\/\/timbradosalbal.com\/timbrados-albal\/wp-json\/wp\/v2\/users\/1"}],"replies":[{"embeddable":true,"href":"https:\/\/timbradosalbal.com\/timbrados-albal\/wp-json\/wp\/v2\/comments?post=440"}],"version-history":[{"count":11,"href":"https:\/\/timbradosalbal.com\/timbrados-albal\/wp-json\/wp\/v2\/pages\/440\/revisions"}],"predecessor-version":[{"id":625,"href":"https:\/\/timbradosalbal.com\/timbrados-albal\/wp-json\/wp\/v2\/pages\/440\/revisions\/625"}],"wp:attachment":[{"href":"https:\/\/timbradosalbal.com\/timbrados-albal\/wp-json\/wp\/v2\/media?parent=440"}],"curies":[{"name":"wp","href":"https:\/\/api.w.org\/{rel}","templated":true}]}}