{"id":30,"date":"2011-06-28T10:56:37","date_gmt":"2011-06-28T10:56:37","guid":{"rendered":"http:\/\/timbradosalbal.com\/timbrados-albal\/?page_id=30"},"modified":"2022-05-27T10:00:04","modified_gmt":"2022-05-27T10:00:04","slug":"bolsas","status":"publish","type":"page","link":"https:\/\/timbradosalbal.com\/timbrados-albal\/productos\/bolsas\/","title":{"rendered":"Bolsas"},"content":{"rendered":"\n<style type=\"text\/css\" data-created_by=\"avia_inline_auto\" id=\"style-css-av-12koi-8177079aae40a3e65a92b4c57a5717ee\">\n.avia-section.av-12koi-8177079aae40a3e65a92b4c57a5717ee{\nbackground-repeat:repeat;\nbackground-image:url(https:\/\/timbradosalbal.com\/timbrados-albal\/wp-content\/uploads\/2022\/05\/Captura-de-pantalla-2022-05-27-a-las-10.24.17.png);\nbackground-position:0% 0%;\nbackground-attachment:scroll;\n}\n<\/style>\n<div id='av_section_1'  class='avia-section av-12koi-8177079aae40a3e65a92b4c57a5717ee main_color avia-section-no-padding avia-no-border-styling  avia-builder-el-0  el_before_av_section  avia-builder-el-first  avia-bg-style-scroll av-minimum-height av-minimum-height-custom  container_wrap sidebar_right'  data-section-bg-repeat='repeat'><div class='container av-section-cont-open' style='height:116px'><main  role=\"main\" itemprop=\"mainContentOfPage\"  class='template-page content  av-content-small alpha units'><div class='post-entry post-entry-type-page post-entry-30'><div class='entry-content-wrapper clearfix'>\n<section  class='av_textblock_section av-l3o77wg7-80b143be38d4c0c7884340ac469a3ad5'  itemscope=\"itemscope\" itemtype=\"https:\/\/schema.org\/CreativeWork\" ><div class='avia_textblock'  itemprop=\"text\" ><h1>Bolsas especiales para el envasado al vac\u00edo<\/h1>\n<\/div><\/section>\n<\/div><\/div><\/main><!-- close content main element --><\/div><\/div><div id='av_section_2'  class='avia-section av-dlste-4f733999e8745e412aca3517d92b6ef4 main_color avia-section-default avia-no-border-styling  avia-builder-el-2  el_after_av_section  el_before_av_section  avia-bg-style-scroll container_wrap sidebar_right'  ><div class='container av-section-cont-open' ><div class='template-page content  av-content-small alpha units'><div class='post-entry post-entry-type-page post-entry-30'><div class='entry-content-wrapper clearfix'>\n<div class='flex_column av-cf12u-d6004d07ee48415152364873fdb4d705 av_three_fifth  avia-builder-el-3  el_before_av_two_fifth  avia-builder-el-first  first av-break-at-tablet flex_column_div '   ><section  class='av_textblock_section av-l3n76i9z-cd3c132fb1b72ad49bd8fbd1bc8cad30'  itemscope=\"itemscope\" itemtype=\"https:\/\/schema.org\/CreativeWork\" ><div class='avia_textblock'  itemprop=\"text\" ><p class=\"p1\">Especiales para el envasado al vac\u00edo, bolsas de pl\u00e1stico para el transporte (Polietileno de baja densidad (LDPE) + 70\/80% DE MATERIAL RECICLADO), bolsas para panader\u00eda, pasteler\u00eda y reposter\u00eda. Transparentes y blancas opacas. 100% reciclables y biodegradables compostable en color natural. Todas las bolsas son reciclables (contenedor amarillo).<\/p>\n<ul class=\"ul1\">\n<li style=\"list-style-type: none;\">\n<ul class=\"ul1\">\n<li class=\"li2\">Asa camiseta<\/li>\n<li class=\"li2\">Con y sin block<\/li>\n<li class=\"li2\">Asa lazo<\/li>\n<li class=\"li2\">Asa troquel<\/li>\n<\/ul>\n<\/li>\n<\/ul>\n<\/div><\/section><br \/>\n\n<style type=\"text\/css\" data-created_by=\"avia_inline_auto\" id=\"style-css-av-bu7p2-83c87f943c2322088e90ba048cd50528\">\n#top .hr.hr-invisible.av-bu7p2-83c87f943c2322088e90ba048cd50528{\nheight:30px;\n}\n<\/style>\n<div  class='hr av-bu7p2-83c87f943c2322088e90ba048cd50528 hr-invisible  avia-builder-el-5  el_after_av_textblock  el_before_av_textblock '><span class='hr-inner '><span class=\"hr-inner-style\"><\/span><\/span><\/div><br \/>\n<section  class='av_textblock_section av-l3n77xlg-2723c04ad285752d6a695992bc8a86a0'  itemscope=\"itemscope\" itemtype=\"https:\/\/schema.org\/CreativeWork\" ><div class='avia_textblock'  itemprop=\"text\" ><h4>BOLSA DE VAC\u00cdO<\/h4>\n<p class=\"p1\">Bolsas coextrusionadas de poliamida y polietileno (PA\/PE) de 90 o 150 micras.<br \/>\nLas bolsas para vac\u00edo y atm\u00f3sfera controlada se caracterizan por su \u00f3ptima soldabilidad, barrera al ox\u00edgeno, vapor de agua, buena transparencia y resistencia mec\u00e1nica.<br \/>\nLas bolsas para envasar al vac\u00edo est\u00e1n elaboradas de material laminado muy resistente. Es un sistema de embalaje muy eficaz que permite que el alimento envasado est\u00e9 completamente protegido y pueda conservar sus caracter\u00edsticas inalterable largo periodo de tiempo.<br \/>\nEstas bolsas para envasar al vac\u00edo est\u00e1n indicadas para todo tipo de producto alimentario por su caracter\u00edstica de protecci\u00f3n, transparencia y conservaci\u00f3n del producto, muy recomendable para todo tipo de carnes, embutidos, pescados y moluscos.<\/p>\n<h4>BOLSA DE VAC\u00cdO GOFRADA<\/h4>\n<p class=\"p1\">Las bolsas gofradas han sido compuestas por dos materiales: uno gofrado y otro liso. El material gofrado tiene una textura estriada, con peque\u00f1os orificios que imitan un panel de abejas. Por su parte, la bolsa gofrada tambi\u00e9n posee otro material liso que ha sido confeccionado bas\u00e1ndose en polietileno y poliamida.<br \/>\nLa caracter\u00edstica principal de las bolsas gofradas es que mediante la extracci\u00f3n del aire permite que los alimentos no se oxiden y se mantengan en \u00f3ptimas condiciones durante largos periodos de tiempo.<\/p>\n<h4>BOLSA DE VAC\u00cdO METALIZADA A 1 CARA<\/h4>\n<p class=\"p1\">Estas bolsas se presentan con una cara transparente y la otra metalizada.<br \/>\nBolsas que dan un valor a\u00f1adido al producto por su presencia, aport\u00e1ndole todas las caracter\u00edsticas de frescura y calidad del envasado al vac\u00edo.<\/p>\n<h4>FORMATOS PLATA<\/h4>\n<p>Soporte de cart\u00f3n plata r\u00edgido para presentaci\u00f3n del alimento en la bolsa de vac\u00edo.<\/p>\n<\/div><\/section><\/p><\/div><div class='flex_column av-aszkm-ca2279bad967774cc98b0f42e93c7588 av_two_fifth  avia-builder-el-7  el_after_av_three_fifth  avia-builder-el-last  av-break-at-tablet flex_column_div '   ><style type=\"text\/css\" data-created_by=\"avia_inline_auto\" id=\"style-css-av-l3n77k0s-72a0381d86bb10de963e2669e7cdcc25\">\n.avia-image-container.av-l3n77k0s-72a0381d86bb10de963e2669e7cdcc25 .av-image-caption-overlay-center{\ncolor:#ffffff;\n}\n<\/style>\n<div  class='avia-image-container av-l3n77k0s-72a0381d86bb10de963e2669e7cdcc25 av-styling- avia-align-center  avia-builder-el-8  avia-builder-el-no-sibling '  itemprop=\"image\" itemscope=\"itemscope\" itemtype=\"https:\/\/schema.org\/ImageObject\" ><div class=\"avia-image-container-inner\"><div class=\"avia-image-overlay-wrap\"><img class='wp-image-551 avia-img-lazy-loading-not-551 avia_image' src=\"https:\/\/timbradosalbal.com\/timbrados-albal\/wp-content\/uploads\/2022\/05\/bolsas-vacio.jpg\" alt='' title='Bolsas vac\u00edo alimentaci\u00f3n'  height=\"800\" width=\"600\"  itemprop=\"thumbnailUrl\" srcset=\"https:\/\/timbradosalbal.com\/timbrados-albal\/wp-content\/uploads\/2022\/05\/bolsas-vacio.jpg 600w, https:\/\/timbradosalbal.com\/timbrados-albal\/wp-content\/uploads\/2022\/05\/bolsas-vacio-529x705.jpg 529w\" sizes=\"(max-width: 600px) 100vw, 600px\" \/><\/div><\/div><\/div><\/div><\/div><\/div><\/div><!-- close content main div --><\/div><\/div><div id='av_section_3'  class='avia-section av-a8e7q-e7b3821bb4fc3e12cac8ebdfbd12b7c3 main_color avia-section-default avia-no-border-styling  avia-builder-el-9  el_after_av_section  el_before_av_section  avia-bg-style-scroll container_wrap sidebar_right'  ><div class='container av-section-cont-open' ><div class='template-page content  av-content-small alpha units'><div class='post-entry post-entry-type-page post-entry-30'><div class='entry-content-wrapper clearfix'>\n<div class='flex_column av-a2nci-3eb305e82b44da43a2ec48ae347a3f7d av_one_full  avia-builder-el-10  el_before_av_one_third  avia-builder-el-first  first flex_column_div '   ><style type=\"text\/css\" data-created_by=\"avia_inline_auto\" id=\"style-css-av-l3n79da2-dd6217dca29c8788a10757bbf3e813e0\">\n.avia-image-container.av-l3n79da2-dd6217dca29c8788a10757bbf3e813e0 .av-image-caption-overlay-center{\ncolor:#ffffff;\n}\n<\/style>\n<div  class='avia-image-container av-l3n79da2-dd6217dca29c8788a10757bbf3e813e0 av-styling- avia-align-center  avia-builder-el-11  avia-builder-el-no-sibling '  itemprop=\"image\" itemscope=\"itemscope\" itemtype=\"https:\/\/schema.org\/ImageObject\" ><div class=\"avia-image-container-inner\"><div class=\"avia-image-overlay-wrap\"><img class='wp-image-552 avia-img-lazy-loading-not-552 avia_image' src=\"https:\/\/timbradosalbal.com\/timbrados-albal\/wp-content\/uploads\/2022\/05\/pan.jpg\" alt='' title='Bolsas para pan'  height=\"534\" width=\"1232\"  itemprop=\"thumbnailUrl\" srcset=\"https:\/\/timbradosalbal.com\/timbrados-albal\/wp-content\/uploads\/2022\/05\/pan.jpg 1232w, https:\/\/timbradosalbal.com\/timbrados-albal\/wp-content\/uploads\/2022\/05\/pan-1030x446.jpg 1030w, https:\/\/timbradosalbal.com\/timbrados-albal\/wp-content\/uploads\/2022\/05\/pan-768x333.jpg 768w, https:\/\/timbradosalbal.com\/timbrados-albal\/wp-content\/uploads\/2022\/05\/pan-705x306.jpg 705w\" sizes=\"(max-width: 1232px) 100vw, 1232px\" \/><\/div><\/div><\/div><\/div><div class='flex_column av-3agq-f2ce004186f69b51eb56ccb30564b506 av_one_third  avia-builder-el-12  el_after_av_one_full  el_before_av_one_third  first av-break-at-tablet flex_column_div column-top-margin'   ><section  class='av_textblock_section av-l3o9q3em-f961809cf557e9c800d675008a618592'  itemscope=\"itemscope\" itemtype=\"https:\/\/schema.org\/CreativeWork\" ><div class='avia_textblock'  itemprop=\"text\" ><h1>Bolsas de celulosa<\/h1>\n<p>Panader\u00eda, pasteler\u00eda y reposter\u00eda<\/p>\n<\/div><\/section><br \/>\n<section  class='av_textblock_section av-l3n78mdj-e1ccb5aac6b17d128e58afb1d6c2ed88'  itemscope=\"itemscope\" itemtype=\"https:\/\/schema.org\/CreativeWork\" ><div class='avia_textblock'  itemprop=\"text\" ><h4>BOLSA DE CELULOSA BLANCA<\/h4>\n<p>An\u00f3nima o con alegor\u00edas<\/p>\n<h4>BOLSA DE KRAFT MARR\u00d3N<\/h4>\n<p>An\u00f3nima o con alegor\u00edas<\/p>\n<h4>BOLSA DE PAN<\/h4>\n<p>De papel an\u00f3nima o con alegor\u00edas<br \/>\nDe pl\u00e1stico de polipropileno transparente microperforadas<\/p>\n<\/div><\/section><\/p><\/div><div class='flex_column av-8v7ue-7b810a20a9318e52c8ce4bd145f871e9 av_one_third  avia-builder-el-15  el_after_av_one_third  el_before_av_one_third  av-break-at-tablet flex_column_div column-top-margin'   ><section  class='av_textblock_section av-l3n7clni-0691e027bdd561f57aca8c1499d36001'  itemscope=\"itemscope\" itemtype=\"https:\/\/schema.org\/CreativeWork\" ><div class='avia_textblock'  itemprop=\"text\" ><h4>RESMAS<\/h4>\n<p>De celulosa en an\u00f3nimo o con alegor\u00edas.<br \/>\nDe kraft en an\u00f3nimo o con alegor\u00edas.<\/p>\n<h4>BOBINAS<\/h4>\n<p>De celulosa en an\u00f3nimo o con alegor\u00edas de diferentes tama\u00f1os.<br \/>\nDe kraft en an\u00f3nimo o con alegor\u00edas.<\/p>\n<\/div><\/section><\/div><div class='flex_column av-8329i-ea077d66c4dd950ea26656115822b637 av_one_third  avia-builder-el-17  el_after_av_one_third  avia-builder-el-last  av-break-at-tablet flex_column_div column-top-margin'   ><section  class='av_textblock_section av-l3n7cu19-3e09c1ab47a4f9720406e76319b2dcf3'  itemscope=\"itemscope\" itemtype=\"https:\/\/schema.org\/CreativeWork\" ><div class='avia_textblock'  itemprop=\"text\" ><h4>BANDEJAS<\/h4>\n<p>De cart\u00f3n.<br \/>\nDe cart\u00f3n \u2013 plata<br \/>\nDe cart\u00f3n \u2013 oro<br \/>\nEn diferentes medidas.<br \/>\nRectangulares y redondas.<\/p>\n<\/div><\/section><\/div><\/div><\/div><\/div><!-- close content main div --><\/div><\/div><div id='av_section_4'  class='avia-section av-2mjm-3f565f466a50f5572fd94566fc3cda49 main_color avia-section-default avia-no-border-styling  avia-builder-el-19  el_after_av_section  el_before_av_section  avia-bg-style-scroll container_wrap sidebar_right'  ><div class='container av-section-cont-open' ><div class='template-page content  av-content-small alpha units'><div class='post-entry post-entry-type-page post-entry-30'><div class='entry-content-wrapper clearfix'>\n<div class='flex_column av-6xc9a-9b56db1bfe9d13a6d6a55dbd20b713dd av_one_third  avia-builder-el-20  el_before_av_one_third  avia-builder-el-first  first av-break-at-tablet flex_column_div '   ><section  class='av_textblock_section av-6admy-378993cb1a2610302b085a9f03d872ad'  itemscope=\"itemscope\" itemtype=\"https:\/\/schema.org\/CreativeWork\" ><div class='avia_textblock'  itemprop=\"text\" ><h2 class=\"p1\">Bolsas de pl\u00e1stico impresas y an\u00f3nimas<\/h2>\n<p class=\"p1\">Carnicer\u00edas, pescader\u00edas, panader\u00edas, fruter\u00edas, supermercados, etc\u2026<\/p>\n<\/div><\/section><br \/>\n\n<style type=\"text\/css\" data-created_by=\"avia_inline_auto\" id=\"style-css-av-5vzqi-0536951573d6c112bc94dff51cf27f57\">\n#top .hr.hr-invisible.av-5vzqi-0536951573d6c112bc94dff51cf27f57{\nheight:30px;\n}\n<\/style>\n<div  class='hr av-5vzqi-0536951573d6c112bc94dff51cf27f57 hr-invisible  avia-builder-el-22  el_after_av_textblock  el_before_av_textblock '><span class='hr-inner '><span class=\"hr-inner-style\"><\/span><\/span><\/div><br \/>\n<section  class='av_textblock_section av-56q8u-b5e18ef878170d7cf001d1d039833ae7'  itemscope=\"itemscope\" itemtype=\"https:\/\/schema.org\/CreativeWork\" ><div class='avia_textblock'  itemprop=\"text\" ><h4>MODELOS<\/h4>\n<p class=\"p1\"><span class=\"s1\">ASA CAMISETA <\/span>(Polietileno de baja densidad (LDPE) + 70\/80% DE MATERIAL RECICLADO)<span class=\"s2\"><br \/>\n<\/span><span class=\"s1\">ASA LAZO <\/span>(Polietileno de baja densidad (LDPE) + 70\/80% DE MATERIAL RECICLADO)<span class=\"s1\"><br \/>\nTRANSPARENTES (TR)<br \/>\nBLANCO OPACO (BO)<br \/>\nCONSULTAR MEDIDAS<br \/>\nCON Y SIN BLOCK, <\/span>100% reciclables y biodegradables compostable en color natural<span class=\"s1\"><br \/>\nASA TORQUEL <\/span>(Polietileno de baja densidad (LDPE) + 70\/80% DE MATERIAL RECICLADO)<\/p>\n<\/div><\/section><br \/>\n\n<style type=\"text\/css\" data-created_by=\"avia_inline_auto\" id=\"style-css-av-4o5km-a58515bc42337b3633d153c7389e2b27\">\n#top .hr.hr-invisible.av-4o5km-a58515bc42337b3633d153c7389e2b27{\nheight:30px;\n}\n<\/style>\n<div  class='hr av-4o5km-a58515bc42337b3633d153c7389e2b27 hr-invisible  avia-builder-el-24  el_after_av_textblock  avia-builder-el-last '><span class='hr-inner '><span class=\"hr-inner-style\"><\/span><\/span><\/div><\/p><\/div><div class='flex_column av-3i7ru-b89c3ef846dd1beb453f67dbd1a21085 av_one_third  avia-builder-el-25  el_after_av_one_third  el_before_av_one_third  av-break-at-tablet flex_column_div '   ><p>\n<style type=\"text\/css\" data-created_by=\"avia_inline_auto\" id=\"style-css-av-2imty-5507bf40a2df2a8ef19eed2d4816fd53\">\n.avia-image-container.av-2imty-5507bf40a2df2a8ef19eed2d4816fd53 .av-image-caption-overlay-center{\ncolor:#ffffff;\n}\n<\/style>\n<div  class='avia-image-container av-2imty-5507bf40a2df2a8ef19eed2d4816fd53 av-styling- avia-align-center  avia-builder-el-26  el_before_av_hr  avia-builder-el-first '  itemprop=\"image\" itemscope=\"itemscope\" itemtype=\"https:\/\/schema.org\/ImageObject\" ><div class=\"avia-image-container-inner\"><div class=\"avia-image-overlay-wrap\"><img class='wp-image-555 avia-img-lazy-loading-not-555 avia_image' src=\"https:\/\/timbradosalbal.com\/timbrados-albal\/wp-content\/uploads\/2022\/05\/bolsa-plastico.jpg\" alt='' title='Bolsas de pl\u00e1stico'  height=\"800\" width=\"600\"  itemprop=\"thumbnailUrl\" srcset=\"https:\/\/timbradosalbal.com\/timbrados-albal\/wp-content\/uploads\/2022\/05\/bolsa-plastico.jpg 600w, https:\/\/timbradosalbal.com\/timbrados-albal\/wp-content\/uploads\/2022\/05\/bolsa-plastico-529x705.jpg 529w\" sizes=\"(max-width: 600px) 100vw, 600px\" \/><\/div><\/div><\/div><br \/>\n\n<style type=\"text\/css\" data-created_by=\"avia_inline_auto\" id=\"style-css-av-wt1i-2b37b5e931410957c5bf1d1105cc4cdf\">\n#top .hr.hr-invisible.av-wt1i-2b37b5e931410957c5bf1d1105cc4cdf{\nheight:30px;\n}\n<\/style>\n<div  class='hr av-wt1i-2b37b5e931410957c5bf1d1105cc4cdf hr-invisible  avia-builder-el-27  el_after_av_image  el_before_av_textblock '><span class='hr-inner '><span class=\"hr-inner-style\"><\/span><\/span><\/div><br \/>\n<section  class='av_textblock_section av-l3n7iol0-aca30311c7786d1e00db5626ec8536fe'  itemscope=\"itemscope\" itemtype=\"https:\/\/schema.org\/CreativeWork\" ><div class='avia_textblock'  itemprop=\"text\" ><h4>BOLSAS DE BASURA<\/h4>\n<ul>\n<li style=\"list-style-type: none;\">\n<ul class=\"ul1\">\n<li class=\"li1\"><b>Con autocierre<\/b>; formato de 55 x 60cm. con sistema de autocierre y antigoteo.<\/li>\n<li class=\"li1\"><b>De comunidad<\/b>; formato de 85 x 105cm. con sistema antigoteo ideal para grandes contenidos.<\/li>\n<\/ul>\n<\/li>\n<li style=\"list-style-type: none;\"><\/li>\n<\/ul>\n<ul>\n<li style=\"list-style-type: none;\"><\/li>\n<\/ul>\n<\/div><\/section><\/p><\/div><div class='flex_column av-1bdqe-f11f5d5ed1deefc80b8d4d69ebb4d835 av_one_third  avia-builder-el-29  el_after_av_one_third  avia-builder-el-last  av-break-at-tablet flex_column_div '   ><p>\n<style type=\"text\/css\" data-created_by=\"avia_inline_auto\" id=\"style-css-av-108t2-2c111ed9cdfd0daa749b6dec6e87a159\">\n.avia-image-container.av-108t2-2c111ed9cdfd0daa749b6dec6e87a159 .av-image-caption-overlay-center{\ncolor:#ffffff;\n}\n<\/style>\n<div  class='avia-image-container av-108t2-2c111ed9cdfd0daa749b6dec6e87a159 av-styling- avia-align-center  avia-builder-el-30  el_before_av_hr  avia-builder-el-first '  itemprop=\"image\" itemscope=\"itemscope\" itemtype=\"https:\/\/schema.org\/ImageObject\" ><div class=\"avia-image-container-inner\"><div class=\"avia-image-overlay-wrap\"><img class='wp-image-554 avia-img-lazy-loading-not-554 avia_image' src=\"https:\/\/timbradosalbal.com\/timbrados-albal\/wp-content\/uploads\/2022\/05\/basura.jpg\" alt='' title='Bolsas de basura'  height=\"800\" width=\"600\"  itemprop=\"thumbnailUrl\" srcset=\"https:\/\/timbradosalbal.com\/timbrados-albal\/wp-content\/uploads\/2022\/05\/basura.jpg 600w, https:\/\/timbradosalbal.com\/timbrados-albal\/wp-content\/uploads\/2022\/05\/basura-529x705.jpg 529w\" sizes=\"(max-width: 600px) 100vw, 600px\" \/><\/div><\/div><\/div><br \/>\n\n<style type=\"text\/css\" data-created_by=\"avia_inline_auto\" id=\"style-css-av-2530u-358e2755ddbef9c2fa397ffe8c2f013c\">\n#top .hr.hr-invisible.av-2530u-358e2755ddbef9c2fa397ffe8c2f013c{\nheight:30px;\n}\n<\/style>\n<div  class='hr av-2530u-358e2755ddbef9c2fa397ffe8c2f013c hr-invisible  avia-builder-el-31  el_after_av_image  el_before_av_textblock '><span class='hr-inner '><span class=\"hr-inner-style\"><\/span><\/span><\/div><br \/>\n<section  class='av_textblock_section av-l3n7kbu2-c7f543951cb61b75bc297a063703dfff'  itemscope=\"itemscope\" itemtype=\"https:\/\/schema.org\/CreativeWork\" ><div class='avia_textblock'  itemprop=\"text\" ><p><span style=\"font-size: 18px; font-weight: 600;\">BOLSAS DE TEJIDO SIN TEJER<\/span><\/p>\n<p class=\"p1\"><span class=\"s1\">Bolsa termosellada con y sin fuelle 80\/100gr <\/span>para carnicer\u00eda y charcuter\u00eda, pueden ser impresas a una o dos caras. Impresi\u00f3n a un color sin fondo de tinta.<\/p>\n<p class=\"p2\">\u00a0<b>Formatos<\/b>:<\/p>\n<ul class=\"ul1\">\n<li style=\"list-style-type: none;\">\n<ul class=\"ul1\">\n<li class=\"li3\">Jam\u00f3n con cremallera.<\/li>\n<li class=\"li3\">Tipo saco.<\/li>\n<li class=\"li3\">Asa lazo.<\/li>\n<\/ul>\n<\/li>\n<\/ul>\n<\/div><\/section><\/p><\/div><\/div><\/div><\/div><!-- close content main div --><\/div><\/div><div id='av_section_5'  class='avia-section av-3f1ym-a316a8c71d12147ecf3871193a6d78fd main_color avia-section-default avia-no-border-styling  avia-builder-el-33  el_after_av_section  avia-builder-el-last  avia-bg-style-scroll container_wrap sidebar_right'  ><div class='container av-section-cont-open' ><div class='template-page content  av-content-small alpha units'><div class='post-entry post-entry-type-page post-entry-30'><div class='entry-content-wrapper clearfix'>\n<div class='flex_column av-a2r6-3a258628604fc79e39f1ec751b8e4433 av_three_fifth  avia-builder-el-34  el_before_av_two_fifth  avia-builder-el-first  first av-break-at-tablet flex_column_div '   ><section  class='av_textblock_section av-l3n7kzhu-a77b9a99604e7f3627da3500771874d9'  itemscope=\"itemscope\" itemtype=\"https:\/\/schema.org\/CreativeWork\" ><div class='avia_textblock'  itemprop=\"text\" ><h2>ALUMINIO<\/h2>\n<p>Rollos, envases y bandejas<\/p>\n<\/div><\/section><br \/>\n\n<style type=\"text\/css\" data-created_by=\"avia_inline_auto\" id=\"style-css-av-25w9m-af5eccd601c1153077f18e8df61b7344\">\n#top .hr.hr-invisible.av-25w9m-af5eccd601c1153077f18e8df61b7344{\nheight:30px;\n}\n<\/style>\n<div  class='hr av-25w9m-af5eccd601c1153077f18e8df61b7344 hr-invisible  avia-builder-el-36  el_after_av_textblock  el_before_av_textblock '><span class='hr-inner '><span class=\"hr-inner-style\"><\/span><\/span><\/div><br \/>\n<section  class='av_textblock_section av-l3n7l4u8-ea5bfd36d9e7ee108432617decba9ef8'  itemscope=\"itemscope\" itemtype=\"https:\/\/schema.org\/CreativeWork\" ><div class='avia_textblock'  itemprop=\"text\" ><h4>ROLLOS DE ALUMINIO<\/h4>\n<p>Papel de aluminio en formato dom\u00e9stico e industrial.<\/p>\n<h4>ENVASES DE ALUMINIO<\/h4>\n<p>Especial para pollo precocinado y comidas preparadas. Por las caracter\u00edsticas del aluminio, garantiza un mantenimiento de la temperatura del alimento.<\/p>\n<h4>BANDEJAS<\/h4>\n<p>En diferentes formatos, muy utilizadas en el lonchado de embutidos.<\/p>\n<\/div><\/section><br \/>\n\n<style type=\"text\/css\" data-created_by=\"avia_inline_auto\" id=\"style-css-av-1r4xu-bd5e1e67e058671823ca2d33bbf33fd1\">\n#top .hr.hr-invisible.av-1r4xu-bd5e1e67e058671823ca2d33bbf33fd1{\nheight:30px;\n}\n<\/style>\n<div  class='hr av-1r4xu-bd5e1e67e058671823ca2d33bbf33fd1 hr-invisible  avia-builder-el-38  el_after_av_textblock  avia-builder-el-last '><span class='hr-inner '><span class=\"hr-inner-style\"><\/span><\/span><\/div><\/p><\/div><div class='flex_column av-pr12-4bf8d4a23aa74a90b5f09f574f7d6f0b av_two_fifth  avia-builder-el-39  el_after_av_three_fifth  avia-builder-el-last  av-break-at-tablet flex_column_div '   ><style type=\"text\/css\" data-created_by=\"avia_inline_auto\" id=\"style-css-av-l3n7lc0n-5555f5207d8ce0cbc513551388914ce0\">\n.avia-image-container.av-l3n7lc0n-5555f5207d8ce0cbc513551388914ce0 .av-image-caption-overlay-center{\ncolor:#ffffff;\n}\n<\/style>\n<div  class='avia-image-container av-l3n7lc0n-5555f5207d8ce0cbc513551388914ce0 av-styling- avia-align-center  avia-builder-el-40  avia-builder-el-no-sibling '  itemprop=\"image\" itemscope=\"itemscope\" itemtype=\"https:\/\/schema.org\/ImageObject\" ><div class=\"avia-image-container-inner\"><div class=\"avia-image-overlay-wrap\"><img class='wp-image-556 avia-img-lazy-loading-not-556 avia_image' src=\"https:\/\/timbradosalbal.com\/timbrados-albal\/wp-content\/uploads\/2022\/05\/aluminio.jpg\" alt='' title='aluminio'  height=\"800\" width=\"600\"  itemprop=\"thumbnailUrl\" srcset=\"https:\/\/timbradosalbal.com\/timbrados-albal\/wp-content\/uploads\/2022\/05\/aluminio.jpg 600w, https:\/\/timbradosalbal.com\/timbrados-albal\/wp-content\/uploads\/2022\/05\/aluminio-529x705.jpg 529w\" sizes=\"(max-width: 600px) 100vw, 600px\" \/><\/div><\/div><\/div><\/div>\n<\/div><\/div><\/div><!-- close content main div --><\/div><\/div><div id='after_section_5'  class='main_color av_default_container_wrap container_wrap sidebar_right'  ><div class='container av-section-cont-open' ><div class='template-page content  av-content-small alpha units'><div class='post-entry post-entry-type-page post-entry-30'><div class='entry-content-wrapper clearfix'><\/p>\n","protected":false},"excerpt":{"rendered":"","protected":false},"author":1,"featured_media":0,"parent":10,"menu_order":0,"comment_status":"closed","ping_status":"open","template":"","meta":[],"_links":{"self":[{"href":"https:\/\/timbradosalbal.com\/timbrados-albal\/wp-json\/wp\/v2\/pages\/30"}],"collection":[{"href":"https:\/\/timbradosalbal.com\/timbrados-albal\/wp-json\/wp\/v2\/pages"}],"about":[{"href":"https:\/\/timbradosalbal.com\/timbrados-albal\/wp-json\/wp\/v2\/types\/page"}],"author":[{"embeddable":true,"href":"https:\/\/timbradosalbal.com\/timbrados-albal\/wp-json\/wp\/v2\/users\/1"}],"replies":[{"embeddable":true,"href":"https:\/\/timbradosalbal.com\/timbrados-albal\/wp-json\/wp\/v2\/comments?post=30"}],"version-history":[{"count":8,"href":"https:\/\/timbradosalbal.com\/timbrados-albal\/wp-json\/wp\/v2\/pages\/30\/revisions"}],"predecessor-version":[{"id":648,"href":"https:\/\/timbradosalbal.com\/timbrados-albal\/wp-json\/wp\/v2\/pages\/30\/revisions\/648"}],"up":[{"embeddable":true,"href":"https:\/\/timbradosalbal.com\/timbrados-albal\/wp-json\/wp\/v2\/pages\/10"}],"wp:attachment":[{"href":"https:\/\/timbradosalbal.com\/timbrados-albal\/wp-json\/wp\/v2\/media?parent=30"}],"curies":[{"name":"wp","href":"https:\/\/api.w.org\/{rel}","templated":true}]}}