{"id":221,"date":"2011-07-05T09:35:19","date_gmt":"2011-07-05T09:35:19","guid":{"rendered":"http:\/\/timbradosalbal.com\/timbrados-albal\/?page_id=221"},"modified":"2022-05-27T09:52:39","modified_gmt":"2022-05-27T09:52:39","slug":"bandejas-de-poliestireno-expandido","status":"publish","type":"page","link":"https:\/\/timbradosalbal.com\/timbrados-albal\/productos\/envases\/bandejas-de-poliestireno-expandido\/","title":{"rendered":"Bandejas de poliestireno expandido"},"content":{"rendered":"\n<style type=\"text\/css\" data-created_by=\"avia_inline_auto\" id=\"style-css-av-b80x9-50115f107e90e0a0e8ec05fc13727e52\">\n.avia-section.av-b80x9-50115f107e90e0a0e8ec05fc13727e52{\nbackground-repeat:repeat;\nbackground-image:url(https:\/\/timbradosalbal.com\/timbrados-albal\/wp-content\/uploads\/2022\/05\/Captura-de-pantalla-2022-05-27-a-las-10.24.17.png);\nbackground-position:0% 0%;\nbackground-attachment:scroll;\n}\n<\/style>\n<div id='av_section_1'  class='avia-section av-b80x9-50115f107e90e0a0e8ec05fc13727e52 main_color avia-section-no-padding avia-no-border-styling  avia-builder-el-0  el_before_av_section  avia-builder-el-first  avia-bg-style-scroll av-minimum-height av-minimum-height-custom  container_wrap sidebar_right'  data-section-bg-repeat='repeat'><div class='container av-section-cont-open' style='height:116px'><main  role=\"main\" itemprop=\"mainContentOfPage\"  class='template-page content  av-content-small alpha units'><div class='post-entry post-entry-type-page post-entry-221'><div class='entry-content-wrapper clearfix'>\n<section  class='av_textblock_section av-l3o76ypr-2baf0ac8cf28ecc9529c11e806516063'  itemscope=\"itemscope\" itemtype=\"https:\/\/schema.org\/CreativeWork\" ><div class='avia_textblock'  itemprop=\"text\" ><h1>Bandejas polistestireno expandido<\/h1>\n<\/div><\/section>\n\n<\/div><\/div><\/main><!-- close content main element --><\/div><\/div><div id='av_section_2'  class='avia-section av-1ao03x-2dbe2b94970dcce57758f44bf8f982cb main_color avia-section-default avia-no-border-styling  avia-builder-el-2  el_after_av_section  avia-builder-el-last  avia-bg-style-scroll container_wrap sidebar_right'  ><div class='container av-section-cont-open' ><div class='template-page content  av-content-small alpha units'><div class='post-entry post-entry-type-page post-entry-221'><div class='entry-content-wrapper clearfix'>\n<div class='flex_column av-xftd1-c5be63773f498a54f4536cf7422f284f av_three_fifth  avia-builder-el-3  el_before_av_two_fifth  avia-builder-el-first  first av-break-at-tablet flex_column_div '   ><section  class='av_textblock_section av-q98px-944512c988371efc9915c3903f5b5130'  itemscope=\"itemscope\" itemtype=\"https:\/\/schema.org\/CreativeWork\" ><div class='avia_textblock'  itemprop=\"text\" ><h1><\/h1>\n<p>Especial para el envase de carne, pescado, frutas y verduras, pastas, encurtidos, frutos secos y comidas preparadas.<\/p>\n<ul style=\"text-align: justify;\">\n<li>Tarrinas<\/li>\n<li>Bandejas<\/li>\n<li>Estuches<\/li>\n<li>Bols<\/li>\n<\/ul>\n<\/div><\/section><br \/>\n\n<style type=\"text\/css\" data-created_by=\"avia_inline_auto\" id=\"style-css-av-2axid-faca0a3d3a97ecd46773abbaa4508630\">\n#top .hr.hr-invisible.av-2axid-faca0a3d3a97ecd46773abbaa4508630{\nheight:30px;\n}\n<\/style>\n<div  class='hr av-2axid-faca0a3d3a97ecd46773abbaa4508630 hr-invisible  avia-builder-el-5  el_after_av_textblock  el_before_av_textblock '><span class='hr-inner '><span class=\"hr-inner-style\"><\/span><\/span><\/div><br \/>\n<section  class='av_textblock_section av-l3n6ycl3-9be769e216387bc9a3a4e2f54bac604f'  itemscope=\"itemscope\" itemtype=\"https:\/\/schema.org\/CreativeWork\" ><div class='avia_textblock'  itemprop=\"text\" ><h3 class=\"p1\">BANDEJAS DE ESPANSO<\/h3>\n<p class=\"p2\">Las bandejas de poliestireno expandido, garantizan un perfecto envasado para los alimentos frescos, como verdura, fruta, carne y pasteler\u00eda.<\/p>\n<p class=\"p2\">El poliestireno expandido garantiza higienicidad, limpieza, practicidad y comodidad para el consumidor.<\/p>\n<p class=\"p2\">La composici\u00f3n de un \u00fanico material, permite un f\u00e1cil reciclado.<\/p>\n<h3 class=\"p1\">BANDEJAS BIODEGRADABLES DE CA\u00d1A DE AZ\u00daCAR<\/h3>\n<p class=\"p3\">Bandeja de fibra de ca\u00f1a de az\u00facar v\u00e1lido para todo tipo de alimentos, tanto fr\u00edos como calientes. Apto para microondas. Biodegradable &amp; Compostable.<\/p>\n<h3 class=\"p1\">ALMOHADILLAS ABSORBENTES<\/h3>\n<p class=\"p2\">Por su especial estructura celular, garantiza la absorci\u00f3n de l\u00edquido (sangre y agua) del interior de la bandeja, consiguiendo una mejor presentaci\u00f3n del producto en los lineales.<\/p>\n<h3 class=\"p1\">FILM PVC<\/h3>\n<p class=\"p2\">Film de PVC en color champagne y morado, en diferentes tama\u00f1os.<\/p>\n<p class=\"p2\">El film extensible de PVC, permite la transmisi\u00f3n de ox\u00edgeno y vapor de agua, favoreciendo la conservaci\u00f3n y la frescura de los productos alimenticios durante m\u00e1s tiempo.<\/p>\n<p class=\"p2\">Las caracter\u00edsticas principales de la pel\u00edcula extensible de PVC le permiten:<\/p>\n<ul class=\"ul1\">\n<li style=\"list-style-type: none;\">\n<ul class=\"ul1\">\n<li class=\"li5\">Alargar la vida de los productos mediante la protecci\u00f3n de los alimentos de microorganismos y su conservaci\u00f3n desde el envasado hasta su consumo final.<\/li>\n<li class=\"li5\">Los films extensibles de PVC ofrecen una protecci\u00f3n segura e higi\u00e9nica durante la manipulaci\u00f3n.<\/li>\n<li class=\"li5\">Preservar las cualidades de los productos envasados como el gusto y el aroma, as\u00ed como resaltar el aspecto visual de los alimentos empaquetados, manteniendo su apariencia fresca y apetitosa.<\/li>\n<li class=\"li5\">Mantener la frescura de los alimentos sin necesidad de congelarlos.<\/li>\n<\/ul>\n<\/li>\n<\/ul>\n<\/div><\/section><br \/>\n\n<style type=\"text\/css\" data-created_by=\"avia_inline_auto\" id=\"style-css-av-d4kil-5fb4672a0546ac79b25487e3497d50fb\">\n#top .hr.hr-invisible.av-d4kil-5fb4672a0546ac79b25487e3497d50fb{\nheight:30px;\n}\n<\/style>\n<div  class='hr av-d4kil-5fb4672a0546ac79b25487e3497d50fb hr-invisible  avia-builder-el-7  el_after_av_textblock  el_before_av_textblock '><span class='hr-inner '><span class=\"hr-inner-style\"><\/span><\/span><\/div><br \/>\n<section  class='av_textblock_section av-l3n6yil1-45b3d282d40a37ef69713d8cd01af7fe'  itemscope=\"itemscope\" itemtype=\"https:\/\/schema.org\/CreativeWork\" ><div class='avia_textblock'  itemprop=\"text\" ><p>P\u00e1gina 2 de 2<a class=\"inactive\" href=\"http:\/\/timbradosalbal.com\/timbrados-albal\/productos\/envases\/\">1<\/a><span class=\"current\">2<\/span><\/p>\n<\/div><\/section><\/p><\/div><div class='flex_column av-9s2jx-6c8f530ded5d247f7d3f0f452ffc72f8 av_two_fifth  avia-builder-el-9  el_after_av_three_fifth  avia-builder-el-last  av-break-at-tablet flex_column_div '   ><style type=\"text\/css\" data-created_by=\"avia_inline_auto\" id=\"style-css-av-l3n7019c-1b3f0c12d6e1902473618905131f5492\">\n.avia-image-container.av-l3n7019c-1b3f0c12d6e1902473618905131f5492 .av-image-caption-overlay-center{\ncolor:#ffffff;\n}\n<\/style>\n<div  class='avia-image-container av-l3n7019c-1b3f0c12d6e1902473618905131f5492 av-styling- avia-align-center  avia-builder-el-10  avia-builder-el-no-sibling '  itemprop=\"image\" itemscope=\"itemscope\" itemtype=\"https:\/\/schema.org\/ImageObject\" ><div class=\"avia-image-container-inner\"><div class=\"avia-image-overlay-wrap\"><img class='wp-image-547 avia-img-lazy-loading-not-547 avia_image' src=\"https:\/\/timbradosalbal.com\/timbrados-albal\/wp-content\/uploads\/2022\/05\/poliestireno.jpg\" alt='' title='poliestireno'  height=\"588\" width=\"600\"  itemprop=\"thumbnailUrl\" srcset=\"https:\/\/timbradosalbal.com\/timbrados-albal\/wp-content\/uploads\/2022\/05\/poliestireno.jpg 600w, https:\/\/timbradosalbal.com\/timbrados-albal\/wp-content\/uploads\/2022\/05\/poliestireno-36x36.jpg 36w\" sizes=\"(max-width: 600px) 100vw, 600px\" \/><\/div><\/div><\/div><\/div><\/div><\/div><\/div><!-- close content main div --><\/div><\/div><div id='after_section_2'  class='main_color av_default_container_wrap container_wrap sidebar_right'  ><div class='container av-section-cont-open' ><div class='template-page content  av-content-small alpha units'><div class='post-entry post-entry-type-page post-entry-221'><div class='entry-content-wrapper clearfix'>\n","protected":false},"excerpt":{"rendered":"","protected":false},"author":1,"featured_media":0,"parent":28,"menu_order":0,"comment_status":"closed","ping_status":"open","template":"","meta":[],"_links":{"self":[{"href":"https:\/\/timbradosalbal.com\/timbrados-albal\/wp-json\/wp\/v2\/pages\/221"}],"collection":[{"href":"https:\/\/timbradosalbal.com\/timbrados-albal\/wp-json\/wp\/v2\/pages"}],"about":[{"href":"https:\/\/timbradosalbal.com\/timbrados-albal\/wp-json\/wp\/v2\/types\/page"}],"author":[{"embeddable":true,"href":"https:\/\/timbradosalbal.com\/timbrados-albal\/wp-json\/wp\/v2\/users\/1"}],"replies":[{"embeddable":true,"href":"https:\/\/timbradosalbal.com\/timbrados-albal\/wp-json\/wp\/v2\/comments?post=221"}],"version-history":[{"count":6,"href":"https:\/\/timbradosalbal.com\/timbrados-albal\/wp-json\/wp\/v2\/pages\/221\/revisions"}],"predecessor-version":[{"id":647,"href":"https:\/\/timbradosalbal.com\/timbrados-albal\/wp-json\/wp\/v2\/pages\/221\/revisions\/647"}],"up":[{"embeddable":true,"href":"https:\/\/timbradosalbal.com\/timbrados-albal\/wp-json\/wp\/v2\/pages\/28"}],"wp:attachment":[{"href":"https:\/\/timbradosalbal.com\/timbrados-albal\/wp-json\/wp\/v2\/media?parent=221"}],"curies":[{"name":"wp","href":"https:\/\/api.w.org\/{rel}","templated":true}]}}