{"id":172,"date":"2011-06-30T17:55:07","date_gmt":"2011-06-30T17:55:07","guid":{"rendered":"http:\/\/timbradosalbal.com\/timbrados-albal\/?page_id=172"},"modified":"2022-05-27T09:49:10","modified_gmt":"2022-05-27T09:49:10","slug":"papeles-plastificados","status":"publish","type":"page","link":"https:\/\/timbradosalbal.com\/timbrados-albal\/productos\/papeles\/papeles-plastificados\/","title":{"rendered":"Papeles plastificados"},"content":{"rendered":"\n<style type=\"text\/css\" data-created_by=\"avia_inline_auto\" id=\"style-css-av-anljo-1e98fc0ed5ce93911386f981fa4fcfae\">\n.avia-section.av-anljo-1e98fc0ed5ce93911386f981fa4fcfae{\nbackground-repeat:repeat;\nbackground-image:url(https:\/\/timbradosalbal.com\/timbrados-albal\/wp-content\/uploads\/2022\/05\/Captura-de-pantalla-2022-05-27-a-las-10.24.17.png);\nbackground-position:0% 0%;\nbackground-attachment:scroll;\n}\n<\/style>\n<div id='av_section_1'  class='avia-section av-anljo-1e98fc0ed5ce93911386f981fa4fcfae main_color avia-section-no-padding avia-no-border-styling  avia-builder-el-0  el_before_av_section  avia-builder-el-first  avia-bg-style-scroll av-minimum-height av-minimum-height-custom  container_wrap sidebar_right'  data-section-bg-repeat='repeat'><div class='container av-section-cont-open' style='height:116px'><main  role=\"main\" itemprop=\"mainContentOfPage\"  class='template-page content  av-content-small alpha units'><div class='post-entry post-entry-type-page post-entry-172'><div class='entry-content-wrapper clearfix'>\n<section  class='av_textblock_section av-l3o7497f-5a7fe719f29a30215c62e8b0d1596e61'  itemscope=\"itemscope\" itemtype=\"https:\/\/schema.org\/CreativeWork\" ><div class='avia_textblock'  itemprop=\"text\" ><h1>Papeles plastificados<\/h1>\n<\/div><\/section>\n\n<\/div><\/div><\/main><!-- close content main element --><\/div><\/div><div id='av_section_2'  class='avia-section av-1arsn8-3711c81891defc0add1df181e42b7044 main_color avia-section-default avia-no-border-styling  avia-builder-el-2  el_after_av_section  avia-builder-el-last  avia-bg-style-scroll container_wrap sidebar_right'  ><div class='container av-section-cont-open' ><div class='template-page content  av-content-small alpha units'><div class='post-entry post-entry-type-page post-entry-172'><div class='entry-content-wrapper clearfix'>\n<div class='flex_column av-wdn3g-4dd73a4d7ebc64eca191a4e2ca45e823 av_three_fifth  avia-builder-el-3  el_before_av_two_fifth  avia-builder-el-first  first av-break-at-tablet flex_column_div '   ><section  class='av_textblock_section av-l3n6iwmz-687b857b56eecfa664ad7861de0e4179'  itemscope=\"itemscope\" itemtype=\"https:\/\/schema.org\/CreativeWork\" ><div class='avia_textblock'  itemprop=\"text\" ><h1><\/h1>\n<p>Papeles alimentarios, impresos y an\u00f3nimos. Especiales para carnicer\u00edas, charcuter\u00edas, industria c\u00e1rnicas, pescader\u00edas, panader\u00edas, pasteler\u00edas e industria panadera<\/p>\n<ul>\n<li>Impresi\u00f3n a 1 \u00f3 2 tintas.<\/li>\n<li>Tama\u00f1os est\u00e1ndar<\/li>\n<li>27 x 38cm y 38 x 54cm.<\/li>\n<li>Con o sin troquel (1 o 2 agujeros)<\/li>\n<\/ul>\n<\/div><\/section><br \/>\n\n<style type=\"text\/css\" data-created_by=\"avia_inline_auto\" id=\"style-css-av-ti50k-eaae4fafc5a26f2520479884da26e2b1\">\n#top .hr.hr-invisible.av-ti50k-eaae4fafc5a26f2520479884da26e2b1{\nheight:30px;\n}\n<\/style>\n<div  class='hr av-ti50k-eaae4fafc5a26f2520479884da26e2b1 hr-invisible  avia-builder-el-5  el_after_av_textblock  el_before_av_textblock '><span class='hr-inner '><span class=\"hr-inner-style\"><\/span><\/span><\/div><br \/>\n<section  class='av_textblock_section av-l3n6kroh-d365d63599cf3e87bcdd37a09fadfa9a'  itemscope=\"itemscope\" itemtype=\"https:\/\/schema.org\/CreativeWork\" ><div class='avia_textblock'  itemprop=\"text\" ><h3 class=\"p1\">TACO QUESO 40GRS\/70GRS<\/h3>\n<p class=\"p2\">Papel alimentario elaborado con soporte offset de 40 o 70 gramos y parafinado a dos caras.<\/p>\n<p class=\"p2\">Es un papel de corto recorrido que con la aplicaci\u00f3n de parafina en ambas caras le proporciona un aspecto de brillo muy caracter\u00edstico. Altamente utilizado en carnicer\u00edas y charcuter\u00edas para la separaci\u00f3n del loncheado de queso.<\/p>\n<p class=\"p2\">Disponible con medidas de 12\u00d712 cms. siempre en an\u00f3nimo.<\/p>\n<\/div><\/section><br \/>\n\n<style type=\"text\/css\" data-created_by=\"avia_inline_auto\" id=\"style-css-av-lf8sk-72ca8b816643fdd07d8d55ca0fc27c06\">\n#top .hr.hr-invisible.av-lf8sk-72ca8b816643fdd07d8d55ca0fc27c06{\nheight:30px;\n}\n<\/style>\n<div  class='hr av-lf8sk-72ca8b816643fdd07d8d55ca0fc27c06 hr-invisible  avia-builder-el-7  el_after_av_textblock  el_before_av_textblock '><span class='hr-inner '><span class=\"hr-inner-style\"><\/span><\/span><\/div><br \/>\n<section  class='av_textblock_section av-l3n6l94o-eb582802278c11b8ff3adfbf214f9136'  itemscope=\"itemscope\" itemtype=\"https:\/\/schema.org\/CreativeWork\" ><div class='avia_textblock'  itemprop=\"text\" ><div class=\"pagination\">P\u00e1gina 3 de 3<a class=\"inactive\" href=\"http:\/\/timbradosalbal.com\/timbrados-albal\/productos\/papeles\/\">1<\/a><a class=\"inactive\" href=\"http:\/\/timbradosalbal.com\/timbrados-albal\/productos\/papeles\/papeles-laminados\/\">2<\/a><span class=\"current\">3<\/span><\/div>\n<\/div><\/section><\/p><\/div><div class='flex_column av-dqwho-4442b7bf69ecf9fad358ccf09d42049f av_two_fifth  avia-builder-el-9  el_after_av_three_fifth  avia-builder-el-last  av-break-at-tablet flex_column_div '   ><style type=\"text\/css\" data-created_by=\"avia_inline_auto\" id=\"style-css-av-l3n6m653-2752fca6a2013acfb983e478276dcaaa\">\n.avia-image-container.av-l3n6m653-2752fca6a2013acfb983e478276dcaaa .av-image-caption-overlay-center{\ncolor:#ffffff;\n}\n<\/style>\n<div  class='avia-image-container av-l3n6m653-2752fca6a2013acfb983e478276dcaaa av-styling- avia-align-center  avia-builder-el-10  avia-builder-el-no-sibling '  itemprop=\"image\" itemscope=\"itemscope\" itemtype=\"https:\/\/schema.org\/ImageObject\" ><div class=\"avia-image-container-inner\"><div class=\"avia-image-overlay-wrap\"><img class='wp-image-536 avia-img-lazy-loading-not-536 avia_image' src=\"https:\/\/timbradosalbal.com\/timbrados-albal\/wp-content\/uploads\/2022\/05\/queso-laminas.jpg\" alt='' title='Papel plastificado alimentacion'  height=\"800\" width=\"600\"  itemprop=\"thumbnailUrl\" srcset=\"https:\/\/timbradosalbal.com\/timbrados-albal\/wp-content\/uploads\/2022\/05\/queso-laminas.jpg 600w, https:\/\/timbradosalbal.com\/timbrados-albal\/wp-content\/uploads\/2022\/05\/queso-laminas-529x705.jpg 529w\" sizes=\"(max-width: 600px) 100vw, 600px\" \/><\/div><\/div><\/div><\/div><\/div><\/div><\/div><!-- close content main div --><\/div><\/div><div id='after_section_2'  class='main_color av_default_container_wrap container_wrap sidebar_right'  ><div class='container av-section-cont-open' ><div class='template-page content  av-content-small alpha units'><div class='post-entry post-entry-type-page post-entry-172'><div class='entry-content-wrapper clearfix'>\n","protected":false},"excerpt":{"rendered":"","protected":false},"author":1,"featured_media":0,"parent":26,"menu_order":0,"comment_status":"closed","ping_status":"open","template":"","meta":[],"_links":{"self":[{"href":"https:\/\/timbradosalbal.com\/timbrados-albal\/wp-json\/wp\/v2\/pages\/172"}],"collection":[{"href":"https:\/\/timbradosalbal.com\/timbrados-albal\/wp-json\/wp\/v2\/pages"}],"about":[{"href":"https:\/\/timbradosalbal.com\/timbrados-albal\/wp-json\/wp\/v2\/types\/page"}],"author":[{"embeddable":true,"href":"https:\/\/timbradosalbal.com\/timbrados-albal\/wp-json\/wp\/v2\/users\/1"}],"replies":[{"embeddable":true,"href":"https:\/\/timbradosalbal.com\/timbrados-albal\/wp-json\/wp\/v2\/comments?post=172"}],"version-history":[{"count":7,"href":"https:\/\/timbradosalbal.com\/timbrados-albal\/wp-json\/wp\/v2\/pages\/172\/revisions"}],"predecessor-version":[{"id":643,"href":"https:\/\/timbradosalbal.com\/timbrados-albal\/wp-json\/wp\/v2\/pages\/172\/revisions\/643"}],"up":[{"embeddable":true,"href":"https:\/\/timbradosalbal.com\/timbrados-albal\/wp-json\/wp\/v2\/pages\/26"}],"wp:attachment":[{"href":"https:\/\/timbradosalbal.com\/timbrados-albal\/wp-json\/wp\/v2\/media?parent=172"}],"curies":[{"name":"wp","href":"https:\/\/api.w.org\/{rel}","templated":true}]}}